{"id":93,"date":"2021-12-12T05:30:30","date_gmt":"2021-12-12T05:30:30","guid":{"rendered":"https:\/\/demosites.royal-elementor-addons.com\/construction-v1\/?page_id=93"},"modified":"2026-02-12T17:20:31","modified_gmt":"2026-02-12T17:20:31","slug":"home-construction-v1","status":"publish","type":"page","link":"https:\/\/gsscomex.com.br\/site\/","title":{"rendered":"Home"},"content":{"rendered":"\t\t<div data-elementor-type=\"wp-page\" data-elementor-id=\"93\" class=\"elementor elementor-93\">\n\t\t\t\t<div class=\"elementor-element elementor-element-73c570c e-flex e-con-boxed wpr-particle-no wpr-jarallax-no wpr-parallax-no wpr-sticky-section-no e-con e-parent\" data-id=\"73c570c\" data-element_type=\"container\" data-e-type=\"container\">\n\t\t\t\t\t<div class=\"e-con-inner\">\n\t\t<div class=\"elementor-element elementor-element-b58fccd e-con-full e-flex wpr-particle-no wpr-jarallax-no wpr-parallax-no wpr-sticky-section-no e-con e-child\" data-id=\"b58fccd\" data-element_type=\"container\" data-e-type=\"container\">\n\t\t\t\t<div class=\"elementor-element elementor-element-c7f5418 elementor-widget elementor-widget-heading\" data-id=\"c7f5418\" data-element_type=\"widget\" data-e-type=\"widget\" data-widget_type=\"heading.default\">\n\t\t\t\t\t<h4 class=\"elementor-heading-title elementor-size-default\">Fone &amp; WhatsApp (13) 99777-4176<\/h4>\t\t\t\t<\/div>\n\t\t\t\t<\/div>\n\t\t<div class=\"elementor-element elementor-element-2f61338 e-con-full e-flex wpr-particle-no wpr-jarallax-no wpr-parallax-no wpr-sticky-section-no e-con e-child\" data-id=\"2f61338\" data-element_type=\"container\" data-e-type=\"container\">\n\t\t\t\t<div class=\"elementor-element elementor-element-ca6c496 elementor-widget elementor-widget-heading\" data-id=\"ca6c496\" data-element_type=\"widget\" data-e-type=\"widget\" data-widget_type=\"heading.default\">\n\t\t\t\t\t<h2 class=\"elementor-heading-title elementor-size-default\">E-mail: contato@gsscomex.com.br<\/h2>\t\t\t\t<\/div>\n\t\t\t\t<\/div>\n\t\t\t\t\t<\/div>\n\t\t\t\t<\/div>\n\t\t<div class=\"elementor-element elementor-element-eb02b90 e-flex e-con-boxed wpr-particle-no wpr-jarallax-no wpr-parallax-no wpr-sticky-section-no e-con e-parent\" data-id=\"eb02b90\" data-element_type=\"container\" data-e-type=\"container\">\n\t\t\t\t\t<div class=\"e-con-inner\">\n\t\t\t\t<div class=\"elementor-element elementor-element-030dad5 elementor-widget elementor-widget-text-editor\" data-id=\"030dad5\" data-element_type=\"widget\" data-e-type=\"widget\" data-widget_type=\"text-editor.default\">\n\t\t\t\t\t\t\t\t\t<div>Solu\u00e7\u00f5es em Importa\u00e7\u00e3o para o Mercado Offshore<\/div><div>\u00a0<\/div><div>A GSS Comex \u00e9 especializada na importa\u00e7\u00e3o e fornecimento de materiais industriais de alta performance, atendendo com excel\u00eancia as demandas do mercado offshore, \u00f3leo &amp; g\u00e1s e industrial.<\/div><div>\u00a0<\/div><div>Trabalhamos com produtos que seguem padr\u00f5es internacionais de qualidade, garantindo seguran\u00e7a, confiabilidade e desempenho mesmo nas opera\u00e7\u00f5es mais cr\u00edticas.<\/div><div>\u00a0<\/div><div><div>O que fazemos<\/div><div>Atuamos na importa\u00e7\u00e3o e fornecimento de:<\/div><div>\u00a0Mangueiras termopl\u00e1sticas de alta press\u00e3o<\/div><div>\u00a0V\u00e1lvulas de alta press\u00e3o<\/div><div>\u00a0Engates r\u00e1pidos e conex\u00f5es especiais<\/div><div>\u00a0Man\u00f4metros<\/div><div>\u00a0Transdutores de press\u00e3o<\/div><div>\u00a0Materiais especiais para aplica\u00e7\u00f5es offshore<\/div><\/div><div>\u00a0<\/div><div>Nosso foco \u00e9 entregar solu\u00e7\u00f5es t\u00e9cnicas confi\u00e1veis, com rastreabilidade, proced\u00eancia e suporte especializado.<\/div><div>\u00a0<\/div><div>Por que escolher a GSS Comex?<\/div><div><p>Especializa\u00e7\u00e3o no mercado offshore<\/p><p>Produtos para ambientes severos e alta press\u00e3o<\/p><p>Parcerias com fabricantes internacionais<\/p><p>Compromisso com qualidade, prazo e seguran\u00e7a<\/p><p>Atendimento t\u00e9cnico e personalizado<\/p><p>Nosso compromisso<\/p><p>Na GSS Comex, entendemos que cada projeto exige precis\u00e3o e responsabilidade. Por isso, trabalhamos para ser mais que um fornecedor: somos parceiros estrat\u00e9gicos dos nossos clientes.<\/p><p>Atendemos todo o Brasil<\/p><p>Com log\u00edstica eficiente e fornecedores globais, atendemos projetos onshore e offshore em todo o territ\u00f3rio nacional.<\/p><p>Entre em contato com a GSS Comex e descubra como podemos fornecer as melhores solu\u00e7\u00f5es para sua opera\u00e7\u00e3o offshore<\/p><\/div>\t\t\t\t\t\t\t\t<\/div>\n\t\t\t\t\t<\/div>\n\t\t\t\t<\/div>\n\t\t<div class=\"elementor-element elementor-element-b0f4ae9 e-flex e-con-boxed wpr-particle-no wpr-jarallax-no wpr-parallax-no wpr-sticky-section-no e-con e-parent\" data-id=\"b0f4ae9\" data-element_type=\"container\" data-e-type=\"container\">\n\t\t\t\t\t<div class=\"e-con-inner\">\n\t\t<div class=\"elementor-element elementor-element-388689c e-con-full e-flex wpr-particle-no wpr-jarallax-no wpr-parallax-no wpr-sticky-section-no e-con e-child\" data-id=\"388689c\" data-element_type=\"container\" data-e-type=\"container\">\n\t\t\t\t<div class=\"elementor-element elementor-element-e88930d elementor-widget elementor-widget-image\" data-id=\"e88930d\" data-element_type=\"widget\" data-e-type=\"widget\" data-widget_type=\"image.default\">\n\t\t\t\t\t\t\t\t\t\t\t\t\t\t\t<img fetchpriority=\"high\" decoding=\"async\" width=\"960\" height=\"640\" src=\"https:\/\/gsscomex.com.br\/site\/wp-content\/uploads\/2021\/12\/image-7-1024x683.jpg\" class=\"attachment-large size-large wp-image-37\" alt=\"\" srcset=\"https:\/\/gsscomex.com.br\/site\/wp-content\/uploads\/2021\/12\/image-7-1024x683.jpg 1024w, https:\/\/gsscomex.com.br\/site\/wp-content\/uploads\/2021\/12\/image-7-300x200.jpg 300w, https:\/\/gsscomex.com.br\/site\/wp-content\/uploads\/2021\/12\/image-7-768x512.jpg 768w, https:\/\/gsscomex.com.br\/site\/wp-content\/uploads\/2021\/12\/image-7.jpg 1500w\" sizes=\"(max-width: 960px) 100vw, 960px\" \/>\t\t\t\t\t\t\t\t\t\t\t\t\t\t\t<\/div>\n\t\t\t\t<\/div>\n\t\t<div class=\"elementor-element elementor-element-9691481 e-con-full e-flex wpr-particle-no wpr-jarallax-no wpr-parallax-no wpr-sticky-section-no e-con e-child\" data-id=\"9691481\" data-element_type=\"container\" data-e-type=\"container\">\n\t\t\t\t<div class=\"elementor-element elementor-element-9c48d79 elementor-widget elementor-widget-image\" data-id=\"9c48d79\" data-element_type=\"widget\" data-e-type=\"widget\" data-widget_type=\"image.default\">\n\t\t\t\t\t\t\t\t\t\t\t\t\t\t\t<img decoding=\"async\" width=\"960\" height=\"640\" src=\"https:\/\/gsscomex.com.br\/site\/wp-content\/uploads\/2021\/12\/image-21-1024x683.jpg\" class=\"attachment-large size-large wp-image-66\" alt=\"\" srcset=\"https:\/\/gsscomex.com.br\/site\/wp-content\/uploads\/2021\/12\/image-21-1024x683.jpg 1024w, https:\/\/gsscomex.com.br\/site\/wp-content\/uploads\/2021\/12\/image-21-300x200.jpg 300w, https:\/\/gsscomex.com.br\/site\/wp-content\/uploads\/2021\/12\/image-21-768x512.jpg 768w, https:\/\/gsscomex.com.br\/site\/wp-content\/uploads\/2021\/12\/image-21.jpg 1500w\" sizes=\"(max-width: 960px) 100vw, 960px\" \/>\t\t\t\t\t\t\t\t\t\t\t\t\t\t\t<\/div>\n\t\t\t\t<\/div>\n\t\t<div class=\"elementor-element elementor-element-0246516 e-con-full e-flex wpr-particle-no wpr-jarallax-no wpr-parallax-no wpr-sticky-section-no e-con e-child\" data-id=\"0246516\" data-element_type=\"container\" data-e-type=\"container\">\n\t\t\t\t<div class=\"elementor-element elementor-element-8bcda7e elementor-widget elementor-widget-image\" data-id=\"8bcda7e\" data-element_type=\"widget\" data-e-type=\"widget\" data-widget_type=\"image.default\">\n\t\t\t\t\t\t\t\t\t\t\t\t\t\t\t<img decoding=\"async\" width=\"960\" height=\"640\" src=\"https:\/\/gsscomex.com.br\/site\/wp-content\/uploads\/2021\/12\/post-3-1024x683.jpg\" class=\"attachment-large size-large wp-image-21\" alt=\"\" srcset=\"https:\/\/gsscomex.com.br\/site\/wp-content\/uploads\/2021\/12\/post-3-1024x683.jpg 1024w, https:\/\/gsscomex.com.br\/site\/wp-content\/uploads\/2021\/12\/post-3-300x200.jpg 300w, https:\/\/gsscomex.com.br\/site\/wp-content\/uploads\/2021\/12\/post-3-768x513.jpg 768w, https:\/\/gsscomex.com.br\/site\/wp-content\/uploads\/2021\/12\/post-3.jpg 1500w\" sizes=\"(max-width: 960px) 100vw, 960px\" \/>\t\t\t\t\t\t\t\t\t\t\t\t\t\t\t<\/div>\n\t\t\t\t<\/div>\n\t\t<div class=\"elementor-element elementor-element-3616cb8 e-con-full e-flex wpr-particle-no wpr-jarallax-no wpr-parallax-no wpr-sticky-section-no e-con e-child\" data-id=\"3616cb8\" data-element_type=\"container\" data-e-type=\"container\">\n\t\t\t\t<div class=\"elementor-element elementor-element-e828202 elementor-widget elementor-widget-image\" data-id=\"e828202\" data-element_type=\"widget\" data-e-type=\"widget\" data-widget_type=\"image.default\">\n\t\t\t\t\t\t\t\t\t\t\t\t\t\t\t<img loading=\"lazy\" decoding=\"async\" width=\"960\" height=\"640\" src=\"https:\/\/gsscomex.com.br\/site\/wp-content\/uploads\/2021\/12\/image-1-1024x683.jpg\" class=\"attachment-large size-large wp-image-10\" alt=\"\" srcset=\"https:\/\/gsscomex.com.br\/site\/wp-content\/uploads\/2021\/12\/image-1-1024x683.jpg 1024w, https:\/\/gsscomex.com.br\/site\/wp-content\/uploads\/2021\/12\/image-1-300x200.jpg 300w, https:\/\/gsscomex.com.br\/site\/wp-content\/uploads\/2021\/12\/image-1-768x512.jpg 768w, https:\/\/gsscomex.com.br\/site\/wp-content\/uploads\/2021\/12\/image-1.jpg 1500w\" sizes=\"(max-width: 960px) 100vw, 960px\" \/>\t\t\t\t\t\t\t\t\t\t\t\t\t\t\t<\/div>\n\t\t\t\t<\/div>\n\t\t\t\t\t<\/div>\n\t\t\t\t<\/div>\n\t\t\t\t<\/div>\n\t\t","protected":false},"excerpt":{"rendered":"<p>Fone &amp; WhatsApp (13) 99777-4176 E-mail: contato@gsscomex.com.br Solu\u00e7\u00f5es em Importa\u00e7\u00e3o para o Mercado Offshore\u00a0A GSS Comex \u00e9 especializada na importa\u00e7\u00e3o e fornecimento de materiais industriais de alta performance, atendendo com excel\u00eancia as demandas do mercado offshore, \u00f3leo &amp; g\u00e1s e industrial.\u00a0Trabalhamos com produtos que seguem padr\u00f5es internacionais de qualidade, garantindo seguran\u00e7a, confiabilidade e desempenho mesmo nas opera\u00e7\u00f5es mais cr\u00edticas.\u00a0O que fazemosAtuamos na importa\u00e7\u00e3o e fornecimento de:\u00a0Mangueiras termopl\u00e1sticas de alta press\u00e3o\u00a0V\u00e1lvulas de alta press\u00e3o\u00a0Engates r\u00e1pidos e conex\u00f5es especiais\u00a0Man\u00f4metros\u00a0Transdutores de press\u00e3o\u00a0Materiais especiais para aplica\u00e7\u00f5es offshore\u00a0Nosso foco \u00e9 entregar solu\u00e7\u00f5es t\u00e9cnicas confi\u00e1veis, com rastreabilidade, proced\u00eancia e suporte especializado.\u00a0Por que escolher a GSS Comex? Especializa\u00e7\u00e3o no mercado offshore Produtos para ambientes severos e alta press\u00e3o Parcerias com fabricantes internacionais Compromisso com qualidade, prazo e seguran\u00e7a Atendimento t\u00e9cnico e personalizado Nosso compromisso Na GSS Comex, entendemos que cada projeto exige precis\u00e3o e responsabilidade. Por isso, trabalhamos para ser mais que um fornecedor: somos parceiros estrat\u00e9gicos dos nossos clientes. Atendemos todo o Brasil Com log\u00edstica eficiente e fornecedores globais, atendemos projetos onshore e offshore em todo o territ\u00f3rio nacional. Entre em contato com a GSS Comex e descubra como podemos fornecer as melhores solu\u00e7\u00f5es para sua opera\u00e7\u00e3o offshore<\/p>\n","protected":false},"author":1,"featured_media":0,"parent":0,"menu_order":0,"comment_status":"closed","ping_status":"closed","template":"elementor_canvas","meta":{"footnotes":""},"class_list":["post-93","page","type-page","status-publish","hentry"],"_links":{"self":[{"href":"https:\/\/gsscomex.com.br\/site\/wp-json\/wp\/v2\/pages\/93","targetHints":{"allow":["GET"]}}],"collection":[{"href":"https:\/\/gsscomex.com.br\/site\/wp-json\/wp\/v2\/pages"}],"about":[{"href":"https:\/\/gsscomex.com.br\/site\/wp-json\/wp\/v2\/types\/page"}],"author":[{"embeddable":true,"href":"https:\/\/gsscomex.com.br\/site\/wp-json\/wp\/v2\/users\/1"}],"replies":[{"embeddable":true,"href":"https:\/\/gsscomex.com.br\/site\/wp-json\/wp\/v2\/comments?post=93"}],"version-history":[{"count":64,"href":"https:\/\/gsscomex.com.br\/site\/wp-json\/wp\/v2\/pages\/93\/revisions"}],"predecessor-version":[{"id":741,"href":"https:\/\/gsscomex.com.br\/site\/wp-json\/wp\/v2\/pages\/93\/revisions\/741"}],"wp:attachment":[{"href":"https:\/\/gsscomex.com.br\/site\/wp-json\/wp\/v2\/media?parent=93"}],"curies":[{"name":"wp","href":"https:\/\/api.w.org\/{rel}","templated":true}]}}